{"id":2304,"date":"2026-04-07T15:53:18","date_gmt":"2026-04-07T19:53:18","guid":{"rendered":"https:\/\/www.maisonsklb.com\/?page_id=2304"},"modified":"2026-04-07T16:16:07","modified_gmt":"2026-04-07T20:16:07","slug":"me-joindre","status":"publish","type":"page","link":"https:\/\/www.maisonsklb.com\/index.php\/me-joindre\/","title":{"rendered":"Me joindre"},"content":{"rendered":"\n<ul class=\"wp-block-list\">\n<li><\/li>\n<\/ul>\n\n\n\n<figure class=\"wp-block-image size-large\"><img loading=\"lazy\" decoding=\"async\" width=\"1160\" height=\"1137\" src=\"https:\/\/www.maisonsklb.com\/wp-content\/uploads\/2026\/04\/IMG_4693-1160x1137.jpeg\" alt=\"\" class=\"wp-image-2343\" srcset=\"https:\/\/www.maisonsklb.com\/wp-content\/uploads\/2026\/04\/IMG_4693-1160x1137.jpeg 1160w, https:\/\/www.maisonsklb.com\/wp-content\/uploads\/2026\/04\/IMG_4693-800x784.jpeg 800w, https:\/\/www.maisonsklb.com\/wp-content\/uploads\/2026\/04\/IMG_4693-1536x1506.jpeg 1536w, https:\/\/www.maisonsklb.com\/wp-content\/uploads\/2026\/04\/IMG_4693-2048x2008.jpeg 2048w, https:\/\/www.maisonsklb.com\/wp-content\/uploads\/2026\/04\/IMG_4693-120x118.jpeg 120w, https:\/\/www.maisonsklb.com\/wp-content\/uploads\/2026\/04\/IMG_4693-90x88.jpeg 90w, https:\/\/www.maisonsklb.com\/wp-content\/uploads\/2026\/04\/IMG_4693-320x314.jpeg 320w, https:\/\/www.maisonsklb.com\/wp-content\/uploads\/2026\/04\/IMG_4693-560x549.jpeg 560w, https:\/\/www.maisonsklb.com\/wp-content\/uploads\/2026\/04\/IMG_4693-1920x1882.jpeg 1920w, https:\/\/www.maisonsklb.com\/wp-content\/uploads\/2026\/04\/IMG_4693.jpeg 2355w\" sizes=\"auto, (max-width: 1160px) 100vw, 1160px\" \/><\/figure>\n\n\n\n<h3 id=\"une-question-une-idee-ou-une-envie-de-collaboration-ecrivez-moi-via-ce-formulaire-je-vous-repondrai-avec-grand-plaisir\" class=\"wp-block-heading has-black-color has-text-color has-link-color wp-elements-034d592f7f9a43ff87ee436efdc3f52f\">Une question, une id\u00e9e ou une envie de collaboration ?<br>\u00c9crivez-moi via ce formulaire. Je vous r\u00e9pondrai avec grand plaisir.<\/h3>\n\n\n<style id=\"wpforms-css-vars-2322-block-206bcbe6-a340-4dc0-885d-749db5b45ed7\">\n\t\t\t\t#wpforms-2322.wpforms-block-206bcbe6-a340-4dc0-885d-749db5b45ed7 {\n\t\t\t\t--wpforms-label-color: #262626;\n--wpforms-label-sublabel-color: #7f7f7f;\n--wpforms-label-error-color: #ff0000;\n--wpforms-page-break-color: #dddddd;\n--wpforms-field-border-radius: 0px;\n--wpforms-field-border-color: #cccccc;\n--wpforms-field-border-color-spare: #cccccc;\n--wpforms-field-text-color: #444444;\n--wpforms-button-border-style: solid;\n--wpforms-button-border-radius: 0px;\n--wpforms-button-background-color: #dddddd;\n--wpforms-button-text-color: #666666;\n--wpforms-button-border-color: #cccccc;\n--wpforms-field-size-input-height: 43px;\n--wpforms-field-size-input-spacing: 15px;\n--wpforms-field-size-font-size: 16px;\n--wpforms-field-size-line-height: 19px;\n--wpforms-field-size-padding-h: 14px;\n--wpforms-field-size-checkbox-size: 16px;\n--wpforms-field-size-sublabel-spacing: 5px;\n--wpforms-field-size-icon-size: 1;\n--wpforms-label-size-font-size: 14px;\n--wpforms-label-size-line-height: 17px;\n--wpforms-label-size-sublabel-font-size: 13px;\n--wpforms-label-size-sublabel-line-height: 16px;\n--wpforms-button-size-font-size: 17px;\n--wpforms-button-size-height: 41px;\n--wpforms-button-size-padding-h: 15px;\n--wpforms-button-size-margin-top: 10px;\n\t\t\t}\n\t\t\t<\/style><div class=\"wpforms-container wpforms-container-full wpforms-block wpforms-block-206bcbe6-a340-4dc0-885d-749db5b45ed7 wpforms-render-modern\" id=\"wpforms-2322\"><form id=\"wpforms-form-2322\" class=\"wpforms-validate wpforms-form wpforms-ajax-form\" data-formid=\"2322\" method=\"post\" enctype=\"multipart\/form-data\" action=\"\/index.php\/wp-json\/wp\/v2\/pages\/2304\" data-token=\"558fe98cac72aa8886b853b2e1311b68\" data-token-time=\"1776255275\"><noscript class=\"wpforms-error-noscript\">Please enable JavaScript in your browser to complete this form.<\/noscript><div id=\"wpforms-error-noscript\" style=\"display: none;\">Please enable JavaScript in your browser to complete this form.<\/div><div class=\"wpforms-field-container\">\t\t<div id=\"wpforms-2322-field_4-container\"\n\t\t\tclass=\"wpforms-field wpforms-field-text\"\n\t\t\tdata-field-type=\"text\"\n\t\t\tdata-field-id=\"4\"\n\t\t\t>\n\t\t\t<label class=\"wpforms-field-label\" for=\"wpforms-2322-field_4\" >&amp; Pr\u00e9nom Nom<\/label>\n\t\t\t<input type=\"text\" id=\"wpforms-2322-field_4\" class=\"wpforms-field-medium\" name=\"wpforms[fields][4]\" >\n\t\t<\/div>\n\t\t<div id=\"wpforms-2322-field_1-container\" class=\"wpforms-field wpforms-field-name\" data-field-id=\"1\"><label class=\"wpforms-field-label\" for=\"wpforms-2322-field_1\">Nom &amp; Pr\u00e9nom <span class=\"wpforms-required-label\" aria-hidden=\"true\">*<\/span><\/label><input type=\"text\" id=\"wpforms-2322-field_1\" class=\"wpforms-field-medium wpforms-field-required\" name=\"wpforms[fields][1]\" aria-errormessage=\"wpforms-2322-field_1-error\" required><\/div><div id=\"wpforms-2322-field_2-container\" class=\"wpforms-field wpforms-field-email\" data-field-id=\"2\"><label class=\"wpforms-field-label\" for=\"wpforms-2322-field_2\">Email <span class=\"wpforms-required-label\" aria-hidden=\"true\">*<\/span><\/label><input type=\"email\" id=\"wpforms-2322-field_2\" class=\"wpforms-field-medium wpforms-field-required\" name=\"wpforms[fields][2]\" spellcheck=\"false\" aria-errormessage=\"wpforms-2322-field_2-error\" required><\/div><div id=\"wpforms-2322-field_3-container\" class=\"wpforms-field wpforms-field-textarea\" data-field-id=\"3\"><label class=\"wpforms-field-label\" for=\"wpforms-2322-field_3\">Votre message<\/label><textarea id=\"wpforms-2322-field_3\" class=\"wpforms-field-medium\" name=\"wpforms[fields][3]\" aria-errormessage=\"wpforms-2322-field_3-error\" ><\/textarea><\/div><script>\n\t\t\t\t( function() {\n\t\t\t\t\tconst style = document.createElement( 'style' );\n\t\t\t\t\tstyle.appendChild( document.createTextNode( '#wpforms-2322-field_4-container { position: absolute !important; overflow: hidden !important; display: inline !important; height: 1px !important; width: 1px !important; z-index: -1000 !important; padding: 0 !important; } #wpforms-2322-field_4-container input { visibility: hidden; } #wpforms-conversational-form-page #wpforms-2322-field_4-container label { counter-increment: none; }' ) );\n\t\t\t\t\tdocument.head.appendChild( style );\n\t\t\t\t\tdocument.currentScript?.remove();\n\t\t\t\t} )();\n\t\t\t<\/script><\/div><!-- .wpforms-field-container --><div class=\"wpforms-submit-container\" ><input type=\"hidden\" name=\"wpforms[id]\" value=\"2322\"><input type=\"hidden\" name=\"page_title\" value=\"\"><input type=\"hidden\" name=\"page_url\" value=\"https:\/\/www.maisonsklb.com\/index.php\/wp-json\/wp\/v2\/pages\/2304\"><input type=\"hidden\" name=\"url_referer\" value=\"\"><button type=\"submit\" name=\"wpforms[submit]\" id=\"wpforms-submit-2322\" class=\"wpforms-submit\" data-alt-text=\"Votre message est envoy\u00e9\" data-submit-text=\"Envoyer\" aria-live=\"assertive\" value=\"wpforms-submit\">Envoyer<\/button><img loading=\"lazy\" decoding=\"async\" src=\"https:\/\/www.maisonsklb.com\/wp-content\/plugins\/wpforms-lite\/assets\/images\/submit-spin.svg\" class=\"wpforms-submit-spinner\" style=\"display: none;\" width=\"26\" height=\"26\" alt=\"Loading\"><\/div><\/form><\/div>  <!-- .wpforms-container -->","protected":false},"excerpt":{"rendered":"<p>Une question, une id\u00e9e ou une envie de collaboration ?\u00c9crivez-moi via ce formulaire. Je vous r\u00e9pondrai avec grand plaisir.<\/p>\n","protected":false},"author":1,"featured_media":0,"parent":0,"menu_order":0,"comment_status":"closed","ping_status":"closed","template":"","meta":{"_monsterinsights_skip_tracking":false,"_monsterinsights_sitenote_active":false,"_monsterinsights_sitenote_note":"","_monsterinsights_sitenote_category":0,"footnotes":""},"class_list":["post-2304","page","type-page","status-publish"],"aioseo_notices":[],"_links":{"self":[{"href":"https:\/\/www.maisonsklb.com\/index.php\/wp-json\/wp\/v2\/pages\/2304","targetHints":{"allow":["GET"]}}],"collection":[{"href":"https:\/\/www.maisonsklb.com\/index.php\/wp-json\/wp\/v2\/pages"}],"about":[{"href":"https:\/\/www.maisonsklb.com\/index.php\/wp-json\/wp\/v2\/types\/page"}],"author":[{"embeddable":true,"href":"https:\/\/www.maisonsklb.com\/index.php\/wp-json\/wp\/v2\/users\/1"}],"replies":[{"embeddable":true,"href":"https:\/\/www.maisonsklb.com\/index.php\/wp-json\/wp\/v2\/comments?post=2304"}],"version-history":[{"count":6,"href":"https:\/\/www.maisonsklb.com\/index.php\/wp-json\/wp\/v2\/pages\/2304\/revisions"}],"predecessor-version":[{"id":2348,"href":"https:\/\/www.maisonsklb.com\/index.php\/wp-json\/wp\/v2\/pages\/2304\/revisions\/2348"}],"wp:attachment":[{"href":"https:\/\/www.maisonsklb.com\/index.php\/wp-json\/wp\/v2\/media?parent=2304"}],"curies":[{"name":"wp","href":"https:\/\/api.w.org\/{rel}","templated":true}]}}